{"id":18,"date":"2022-03-21T19:17:08","date_gmt":"2022-03-21T19:17:08","guid":{"rendered":"https:\/\/www.arthistorian.hu\/editandras\/?page_id=18"},"modified":"2024-09-16T16:18:26","modified_gmt":"2024-09-16T16:18:26","slug":"curatorial-and-editorial-experience","status":"publish","type":"page","link":"https:\/\/www.arthistorian.hu\/editandras\/curatorial-and-editorial-experience\/","title":{"rendered":"CURATORIAL ACTIVITIES"},"content":{"rendered":"\n<figure class=\"wp-block-table alignleft is-style-stripes\"><table><tbody><tr><td>2017<br><img loading=\"lazy\" decoding=\"async\" width=\"500\" height=\"125\" class=\"wp-image-368\" style=\"width: 500px;\" src=\"https:\/\/www.arthistorian.hu\/editandras\/wp-content\/uploads\/2024\/09\/200x50.gif\" alt=\"\"><\/td><td class=\"has-text-align-left\" data-align=\"left\">Universal Hospitality 2, co-curator with Birgit Lurz, Ilona N\u00e9meth, Wolfgang Schlag. Meatfactory &amp; Futura Gallery, Prague, 2017.<br><a target=\"_blank\" href=\"http:\/\/futuraprague.com\/en\/futura\/event\/230-universal-hospitality-2-curators-edit-andras-ilona-nemeth-birgit-lurz-wolfgang-schlag\" rel=\"noreferrer noopener\">http:\/\/futuraprague.com\/en\/futura\/event\/230-universal-hospitality-2-curators-edit-andras-ilona-nemeth-birgit-lurz-wolfgang-schlag<\/a><\/td><\/tr><tr><td>2016<\/td><td class=\"has-text-align-left\" data-align=\"left\">Universal Hospitality, Into the City (Wiener FestWochen) Vienna, Altepost; co-curator with Birgit Lurz, Ilona N\u00e9meth, Wolfgang Schlag<\/td><\/tr><tr><td>2015<\/td><td class=\"has-text-align-left\" data-align=\"left\">Imagined Communities, Personal Imagination. Privat Nationalism Budapest \/K\u00e9pzelt k\u00f6z\u00f6ss\u00e9gek, mag\u00e1nk\u00e9pzetek. Priv\u00e1t Nacionalizmus Budapest. Kiscelli Museum, Municipal Gallery &amp; Budapest Gallery.<\/td><\/tr><tr><td>2014<\/td><td class=\"has-text-align-left\" data-align=\"left\">Curator of the web exhibition: In the Heart of Europe: Hungarian<br>Tapestry Art. TEx@ATA<\/td><\/tr><tr><td>2008-2009<\/td><td class=\"has-text-align-left\" data-align=\"left\">Member of the Advisory Board and the Hungarian referent of the exhibition Gender Check. Femininity and Masculinity in the Art of Eastern Europe shown in MUMOK, Vienna, Austria<\/td><\/tr><tr><td>2004-2007<\/td><td class=\"has-text-align-left\" data-align=\"left\">Curator-in-chief, supervisor of the permanent and temporary exhibitions, Art Collection of the Hungarian Academy of Sciences, Budapest, 2004\u201307.<\/td><\/tr><tr><td>2005<\/td><td class=\"has-text-align-left\" data-align=\"left\">Co-Curator of the international contemporary and historical exhibition and editor of the accompanying catalog Tapestry 2. Metamorphoses. Art of Woven Tapestry Past and Present, Museum of Fine Arts, Budapest<\/td><\/tr><tr><td>2001<\/td><td class=\"has-text-align-left\" data-align=\"left\">Co-Curator of the international contemporary exhibition and editor of the accompanying catalog Tapestry, Museum of Fine Arts, Budapest (the Hungarian section is invited to the Textile Museum, Washington D.C.)<\/td><\/tr><tr><td>1995<\/td><td class=\"has-text-align-left\" data-align=\"left\">Co-organizer of the one-year-long exhibition series of temporary exhibitions, Water Ordeal, dedicated to women artists, Budapest<\/td><\/tr><tr><td>1985<\/td><td class=\"has-text-align-left\" data-align=\"left\">Curator of the retrospective exhibition of the Hungarian artist Armand Sch\u00f6nberger 1885-1974 Hungarian National Gallery, Budapest<\/td><\/tr><\/tbody><\/table><\/figure>\n","protected":false},"excerpt":{"rendered":"<p>2017 Universal Hospitality 2, co-curator with Birgit Lurz, Ilona N\u00e9meth, Wolfgang Schlag. Meatfactory &amp; Futura Gallery, Prague, 2017.http:\/\/futuraprague.com\/en\/futura\/event\/230-universal-hospitality-2-curators-edit-andras-ilona-nemeth-birgit-lurz-wolfgang-schlag 2016 Universal Hospitality, Into the City (Wiener FestWochen) Vienna, Altepost; co-curator with Birgit Lurz, Ilona N\u00e9meth, Wolfgang Schlag 2015 Imagined Communities, Personal Imagination. Privat Nationalism Budapest \/K\u00e9pzelt k\u00f6z\u00f6ss\u00e9gek, mag\u00e1nk\u00e9pzetek. Priv\u00e1t Nacionalizmus Budapest. Kiscelli Museum, Municipal Gallery &amp; [&hellip;]<\/p>\n","protected":false},"author":1,"featured_media":0,"parent":0,"menu_order":0,"comment_status":"closed","ping_status":"closed","template":"","meta":{"footnotes":""},"class_list":["post-18","page","type-page","status-publish","hentry"],"_links":{"self":[{"href":"https:\/\/www.arthistorian.hu\/editandras\/wp-json\/wp\/v2\/pages\/18","targetHints":{"allow":["GET"]}}],"collection":[{"href":"https:\/\/www.arthistorian.hu\/editandras\/wp-json\/wp\/v2\/pages"}],"about":[{"href":"https:\/\/www.arthistorian.hu\/editandras\/wp-json\/wp\/v2\/types\/page"}],"author":[{"embeddable":true,"href":"https:\/\/www.arthistorian.hu\/editandras\/wp-json\/wp\/v2\/users\/1"}],"replies":[{"embeddable":true,"href":"https:\/\/www.arthistorian.hu\/editandras\/wp-json\/wp\/v2\/comments?post=18"}],"version-history":[{"count":19,"href":"https:\/\/www.arthistorian.hu\/editandras\/wp-json\/wp\/v2\/pages\/18\/revisions"}],"predecessor-version":[{"id":529,"href":"https:\/\/www.arthistorian.hu\/editandras\/wp-json\/wp\/v2\/pages\/18\/revisions\/529"}],"wp:attachment":[{"href":"https:\/\/www.arthistorian.hu\/editandras\/wp-json\/wp\/v2\/media?parent=18"}],"curies":[{"name":"wp","href":"https:\/\/api.w.org\/{rel}","templated":true}]}}