{"id":21,"date":"2022-03-21T19:20:52","date_gmt":"2022-03-21T19:20:52","guid":{"rendered":"https:\/\/www.arthistorian.hu\/editandras\/?page_id=21"},"modified":"2024-09-16T16:06:39","modified_gmt":"2024-09-16T16:06:39","slug":"selected-conferences-presentations-workshops","status":"publish","type":"page","link":"https:\/\/www.arthistorian.hu\/editandras\/selected-conferences-presentations-workshops\/","title":{"rendered":"International Conferences"},"content":{"rendered":"\n<p><strong>INTERNATIONAL CONFERENCES, WORKSHOPS AND LECTURES<\/strong><\/p>\n\n\n\n<figure class=\"wp-block-table aligncenter is-style-stripes\"><table><tbody><tr><td class=\"has-text-align-center\" data-align=\"center\">2024<\/td><td class=\"has-text-align-left\" data-align=\"left\">Guest speaker at Mobilising the feminist imaginary: arts-based research and creative activism, Summer School seminar, CEU, Budapest. July 2. 2024.<\/td><\/tr><tr><td class=\"has-text-align-center\" data-align=\"center\"><img loading=\"lazy\" decoding=\"async\" width=\"500\" height=\"125\" class=\"wp-image-368\" style=\"width: 500px;\" src=\"https:\/\/www.arthistorian.hu\/editandras\/wp-content\/uploads\/2024\/09\/200x50.gif\" alt=\"\"><\/td><td class=\"has-text-align-left\" data-align=\"left\">\u201cThe Time of Art History and the \u201cPersonal Time\u201d of the Art Historian\u201dSpeaker at the conference Understanding 1989 in East-Central European Art. War vs. Revolution, Piotr Piotrowski Center for Research on East-Central European Art. Adam Mickiewicz University, Poznan, June 14-15 2024.<\/td><\/tr><tr><td class=\"has-text-align-center\" data-align=\"center\">2023<\/td><td class=\"has-text-align-left\" data-align=\"left\">Guest speaker at \u201cZONA+\u201d, a one-day Performance Program, as part of the Closing Event of Timisoara 2023 European Capital of Culture. Corneliu Miklo\u0219i Museum, Timi\u0219oara, December 9, 2023.<\/td><\/tr><tr><td class=\"has-text-align-center\" data-align=\"center\"><\/td><td class=\"has-text-align-left\" data-align=\"left\">\u201cProcrustean Bed or Freudian Couch: Which is the better fit for writing East-Central European Art History?\u201d Keynote speaker at the conference What is to be Done? Methodological Challenges to Art Historical Research in Central and Eastern Europe. George Enescu National University of the Arts, Iasi, October 12-13, 2023<br><a target=\"_blank\" href=\"https:\/\/www.youtube.com\/watch?v=xgHnBt1-dyk\" rel=\"noreferrer noopener\">https:\/\/www.youtube.com\/watch?v=xgHnBt1-dyk<\/a><\/td><\/tr><tr><td class=\"has-text-align-center\" data-align=\"center\"><\/td><td class=\"has-text-align-left\" data-align=\"left\">\u201cPop then, Pop now; Pop there, Pop here.\u201d Speaker at Hot Art, Cold War. Supplements, Extensions, Alternative Narratives. International Symposium. Pozna\u0144, June 2, 2023.<\/td><\/tr><tr><td class=\"has-text-align-center\" data-align=\"center\"><\/td><td class=\"has-text-align-left\" data-align=\"left\">Amorous Nation. Invited lecturer. Centre for Modern Art and Theory. Masaryk University | Faculty of Arts Department of the History of Art. April 19, 2023.<\/td><\/tr><tr><td class=\"has-text-align-center\" data-align=\"center\">2022<\/td><td class=\"has-text-align-left\" data-align=\"left\">Guest speaker at Narrating Art and Feminism: Eastern Europe and Latin America online seminar series led by Agata Jakubowska and Andrea Giunta, supported by the Getty Foundation as part of its Connecting Art Histories initiative. June 20. 2022<\/td><\/tr><tr><td class=\"has-text-align-center\" data-align=\"center\"><\/td><td class=\"has-text-align-left\" data-align=\"left\">\u201cWolf in Sheep&#8217;s Clothing, Transcending the Borders in Post-Socialist Nationalist Hungary\u201d Panel: Border as Method: Art Historical Interventions (Saloni Mathur, Elisa Martinez) Migration, 35th CIHA&#8217;s World Congress, Sao Paulo, Brazil, 2022.<\/td><\/tr><tr><td class=\"has-text-align-center\" data-align=\"center\">2021<\/td><td class=\"has-text-align-left\" data-align=\"left\">\u201cKis nagy elm\u00e9let. Glob\u00e1lis \u00e9s lok\u00e1lis k\u00f6z\u00e9 szorult diskurzusok , \u00e9rtelmez\u00e9si keretek.\u201d Panel: A hely szelleme (S\u00e1ndor Hornyik) [\u201cLittle Big Theory: Discourse and Frames inbetween Global and Local.\u201d] L\u00e1tk\u00e9p 2021 \u2013 M\u0171v\u00e9szett\u00f6rt\u00e9neti Fesztiv\u00e1l, B\u00f6lcs\u00e9szettudom\u00e1nyi Kutat\u00f3k\u00f6zpont M\u0171v\u00e9szett\u00f6rt\u00e9neti Int\u00e9zete, Budapest, 2021. Sept. 23\u201325.<\/td><\/tr><tr><td class=\"has-text-align-center\" data-align=\"center\"><\/td><td class=\"has-text-align-left\" data-align=\"left\">\u201cContemporary Artists and the Contested Past. Martin Pia\u010dek and Szabolcs KissP\u00e1l conversation with Edit Andr\u00e1s.\u201d National Histories, Imperial Memories: Representing the Past in Interwar Central Europe. Online seminar series. Organized by CRAACE Continuity\/Rupture: Art and Architecture in Central Europe 1918\u20131939. Brno: Masaryk University, 2021.<\/td><\/tr><tr><td class=\"has-text-align-center\" data-align=\"center\">2019<\/td><td class=\"has-text-align-left\" data-align=\"left\">\u201cWhose Canon is the \u2018newly shaped, alter-modern canon\u2019 and is it really an altered one?\u201d Which Past the Present Stands on? Shifting Paradigms of Regional Art History Writing, Mezosfera Workshop, organized by tranzit.hu, Budapest, 2019, Dec. 13\u201314.<\/td><\/tr><tr><td class=\"has-text-align-center\" data-align=\"center\"><\/td><td class=\"has-text-align-left\" data-align=\"left\">\u201cWhose time is it anyway? The future is behind us, the past is ahead of us.\u201d A collaboration project between tranzit.sk and Open Studio program organized by Studio IN (AFAD, Bratislava). Bratislava, 2019. March. 6.<br><a href=\"https:\/\/sk.tranzit.org\/en\/lecture\/0\/2019-03-06\/edit-andras-whose-time-is-it-anyway-the-future-is-behind-us-the-past-is-ahead-of-us\" target=\"_blank\" rel=\"noreferrer noopener\">sk.tranzit.org\/en\/lecture\/0\/2019-03-06\/edit-andras-whose-time-is-it-anyway-the-future-is-behind-us-the-past-is-ahead-of-us<\/a><\/td><\/tr><tr><td class=\"has-text-align-center\" data-align=\"center\">2018<\/td><td class=\"has-text-align-left\" data-align=\"left\">Roundtable discussion with Florence Derieux and Randy Kennedy on the exhibition of Geta Bratescu, The leaps of Aesop. New York: Hauser &amp; Wirth Gallery, 2018, Nov. 30.<br><a target=\"_blank\" href=\"https:\/\/www.hauserwirth.com\/resources\/10743-conversation-randy-kennedy-florence-derieux-edit-andras-geta-bratescu\/\" rel=\"noreferrer noopener\">www.hauserwirth.com\/randy-kennedy-florence-derieux-edit-andras-geta-bratescu<\/a><\/td><\/tr><tr><td class=\"has-text-align-center\" data-align=\"center\"><\/td><td class=\"has-text-align-left\" data-align=\"left\">\u201cShift from Geopolitics of Place to Chrono-politics of Time.\u201d Session: Postcolonial Conditions and Decolonial perspectives. (chair: Magdalena Radomska) Theorizing the Geography of East-Central European Art conference. Piotr Piotrowski Center for Research on East-Centrasl European Art, Poznan, 2018, Oct 27.<\/td><\/tr><tr><td class=\"has-text-align-center\" data-align=\"center\"><\/td><td class=\"has-text-align-left\" data-align=\"left\">\u201cThe Future is Behind Us the Past is Ahead of Us.\u201d Plotting Decolonial Options: Translocal Interrogations. Workshop and lecture, organized by Igor Zabel Foundation, Ljubljana and ICA, Institute of Contemporary Arts, London, 2018.<\/td><\/tr><tr><td class=\"has-text-align-center\" data-align=\"center\"><\/td><td class=\"has-text-align-left\" data-align=\"left\">In Conversation: Randy Kennedy, Florence Derieux, and Edit Andr\u00e1s on \u2018Geta Br\u00e2tescu&#8217; on the occasion of \u2018Geta Br\u00e2tescu. The Leaps of Aesop,\u2019 at Hauser &amp; Wirth New York, 22nd Street, a conversation in Hauser &amp; Wirth Punblishers Bookshop moderated by Randy Kennedy with Florence Derieux and art historian Edit Andr\u00e1s.<br><a target=\"_blank\" href=\"https:\/\/vimeo.com\/249390925\" rel=\"noreferrer noopener\">https:\/\/vimeo.com\/249390925<\/a><\/td><\/tr><tr><td class=\"has-text-align-center\" data-align=\"center\">2016<\/td><td class=\"has-text-align-left\" data-align=\"left\">Open Forum &#8211; Universal hospitality. Angewandte Innovation Laboratory, Vienna, June 3-5. co-organizer with with Birgit Lurz, Ilona N\u00e9meth, Wolfgang Schlag<\/td><\/tr><tr><td class=\"has-text-align-center\" data-align=\"center\"><\/td><td class=\"has-text-align-left\" data-align=\"left\">Central European Art and Culture: Work in Progress Seminar University of Birmingham, Department of Art History, Curating and Visual Studies Birmingham, June 6-10.<\/td><\/tr><tr><td class=\"has-text-align-center\" data-align=\"center\"><\/td><td class=\"has-text-align-left\" data-align=\"left\">Impossible Dialogues. Collaboration between ERSTE Stiftung, FramesFramed and Amsterdam University College, Amsterdam, April 8-10. Invited lecturer<br><a href=\"https:\/\/framerframed.nl\/en\/mensen\/edit-andras\/\" target=\"_blank\" rel=\"noreferrer noopener\">framerframed.nl\/en\/mensen\/edit-andras\/<\/a><br><a href=\"https:\/\/vimeo.com\/167717542?share=copy\" target=\"_blank\" rel=\"noreferrer noopener\">https:\/\/vimeo.com\/167717542?share=copy<\/a><\/td><\/tr><tr><td class=\"has-text-align-center\" data-align=\"center\"><\/td><td class=\"has-text-align-left\" data-align=\"left\">Different Histories and Critical Museum. What Art History? In memoriam Piotr Piotrowski conference. Moderna galerija, Museum of Modern Art, Igor Zabel Association and ERSTE Foundation, Ljubljana, Dec. 7-10. Invited lecturer<br><a target=\"_blank\" href=\"https:\/\/video.arnes.si\/en\/watch\/kiXHqASXHJ5Z\" rel=\"noreferrer noopener\">https:\/\/video.arnes.si\/en\/watch\/kiXHqASXHJ5Z<\/a><\/td><\/tr><tr><td class=\"has-text-align-center\" data-align=\"center\">2015<\/td><td class=\"has-text-align-left\" data-align=\"left\">Visualizing the Nation. Post-Socialist ImagiNations. Supported by ERSTE Foundation, Budapest, Nov. 27-28. Chief-Organizer<\/td><\/tr><tr><td class=\"has-text-align-center\" data-align=\"center\"><\/td><td class=\"has-text-align-left\" data-align=\"left\">&#8220;Revolution ON and OFF. The Hungarian Patient.&#8221; The Beast and is the Sovereign. Conference. W\u00fcrttembergisher Kunstverein, Stuttgart, 2015, Oct. 17-18. Homage to the Half-Truth: Imagination in historical reenactment. Former West Conference. Organised by tranzit.hu, May 13-14. Invited lecturer<br>Lecture page: <a href=\"https:\/\/formerwest.org\/PublicEditorialMeetings\/ThereIsACrackInTheMuseumOfHistoryIsThatHowTheFutureGetsIn\/Video\/HomageToTheHalfTruthEditAndras\" target=\"_blank\" rel=\"noreferrer noopener\">formerwest.org\/PublicEditorialMeetings\/ThereIsACrackInTheMuseumOfHistoryIsThatHowTheFutureGetsIn\/Video\/HomageToTheHalfTruthEditAndras<\/a><br>Direct link to video: <a href=\"https:\/\/www.youtube.com\/watch?v=obHfo_Gdieg\" target=\"_blank\" rel=\"noreferrer noopener\">https:\/\/www.youtube.com\/watch?v=obHfo_Gdieg<\/a><\/td><\/tr><tr><td class=\"has-text-align-center\" data-align=\"center\"><\/td><td class=\"has-text-align-left\" data-align=\"left\">&#8220;Trajectory of Criticism in the Time of Post-Socialist Nationalism.&#8221; Organized by Igor Zabel Association for Culture and Theory &amp; World of Art program, SCCA Ljubljana, Center for Contemporary Arts, Sept. 16. Public lecture<\/td><\/tr><tr><td class=\"has-text-align-center\" data-align=\"center\"><\/td><td class=\"has-text-align-left\" data-align=\"left\">&#8220;Trajectory of Criticism in the Time of Post-Socialist Nationalism.&#8221; K\u00fcnslterhaus, Haller f\u00fcr Kunst and Medien, Graz, Sept. 17. Public lecture<\/td><\/tr><tr><td class=\"has-text-align-center\" data-align=\"center\"><\/td><td class=\"has-text-align-left\" data-align=\"left\">&#8220;Democracy under Construction. Pardon our Appearances. Art and Nationalism in the Post-Socialist countries.&#8221; ARTES LIBERALES \u2013 art &amp; education festival organized by the academic community and students of EHU Media dept., Minsk, Apr. 1. Invited lecturer<\/td><\/tr><tr><td class=\"has-text-align-center\" data-align=\"center\">2013<\/td><td class=\"has-text-align-left\" data-align=\"left\">&#8220;Transformation in feminist politics of claiming the public space&#8221; lecture given at Good Girls \u2013 Practicing Feminism Here and Now. International Symposium, MNAC, Bukarest, Sept. 26-28.<\/td><\/tr><tr><td class=\"has-text-align-center\" data-align=\"center\"><\/td><td class=\"has-text-align-left\" data-align=\"left\">&#8220;Reclaiming and creating public space in Central-Eastern European Post-Socialist Nationalism&#8221; Shared Cities conference, Kosice, May 23-26.<\/td><\/tr><tr><td class=\"has-text-align-center\" data-align=\"center\"><\/td><td class=\"has-text-align-left\" data-align=\"left\">&#8220;(Re)claiming public space in post-socialist nationalism.&#8221; Slovak National Gallery, Bratislava, March 19. Public lecture<\/td><\/tr><tr><td class=\"has-text-align-center\" data-align=\"center\">2012<\/td><td class=\"has-text-align-left\" data-align=\"left\">&#8220;Women\u2019s Art in Hungary. Roundtable.&#8221; The Politics of Location Revisited: Gender@2012, CEU, Budapest, May 19.<\/td><\/tr><tr><td class=\"has-text-align-center\" data-align=\"center\"><\/td><td class=\"has-text-align-left\" data-align=\"left\">Reshuffling the keywords. A follow-up seminar to the Clark Art Institute initiative in Central-Eastern Europe. Institute of Art History, Estonian Academy of Arts, Tallinn, May 25-26. core-member<\/td><\/tr><tr><td class=\"has-text-align-center\" data-align=\"center\"><\/td><td class=\"has-text-align-left\" data-align=\"left\">CULBURB project. Cultural Acupuncture Treatment for Suburb. Workshop. Vienna, March 21-23. Invited expert<\/td><\/tr><tr><td class=\"has-text-align-center\" data-align=\"center\">2011<\/td><td class=\"has-text-align-left\" data-align=\"left\">Art History Meets Art Theory International. The Research and Academic Program at the Clark Art Institute, Williamstown, Massachusettes, USA, and New Europe College-Institute for Advanced Study, Bucharest, 2011, May 20-21<\/td><\/tr><tr><td class=\"has-text-align-center\" data-align=\"center\"><\/td><td class=\"has-text-align-left\" data-align=\"left\">&#8220;Nationalism claiming the public space&#8221; Continental breakfast. Place of Encounter. Fifth Venice Forum for Contemporary Art Curators, Venice, 2011 June 1-2.<\/td><\/tr><tr><td class=\"has-text-align-center\" data-align=\"center\"><\/td><td class=\"has-text-align-left\" data-align=\"left\">&#8220;The time of tapestry&#8221; Web of Europe Conference, MoME, Budapest, 2011 Nov. 10.<\/td><\/tr><tr><td class=\"has-text-align-center\" data-align=\"center\">2010<\/td><td class=\"has-text-align-left\" data-align=\"left\">&#8220;The Future Is Behind Us.&#8221; CAA (College Art Association) Annual Conference, Chicago, 2010. Feb. 10-12. Panel: Transformation Reconsidered: &#8220;Utopias&#8221;, Realities, and National Traditions in Post-1989 Central Europe (Chair: Andrzej Szczerski) 2010, Feb. 10-12.<\/td><\/tr><tr><td class=\"has-text-align-center\" data-align=\"center\"><\/td><td class=\"has-text-align-left\" data-align=\"left\">&#8220;Public Monuments in Changing Societies&#8221; Where the West Ends Former West seminar series, Museum of Modern Art, Warsaw, 2010, March 18-19.<br>Main website: <a target=\"_blank\" href=\"http:\/\/www.formerwest.org\" rel=\"noreferrer noopener\">formerwest.org<\/a><br>Program page: <a target=\"_blank\" href=\"https:\/\/formerwest.org\/ResearchSeminars\/WhereTheWestEnds\/Program\" rel=\"noreferrer noopener\">formerwest.org\/ResearchSeminars\/WhereTheWestEnds\/Program<\/a><br>Direct link to video: <a target=\"_blank\" href=\"https:\/\/vimeo.com\/10485018\" rel=\"noreferrer noopener\">https:\/\/vimeo.com\/10485018<\/a><\/td><\/tr><tr><td class=\"has-text-align-center\" data-align=\"center\"><\/td><td class=\"has-text-align-left\" data-align=\"left\">Unexpected Encounters: Points of Intersection. Methodologies of research and interpretation of the practices of a historical conceptualism Galerija Miroslav Kraljevic, Zagreb, 2010, Nov. 27. lecturer<\/td><\/tr><tr><td class=\"has-text-align-center\" data-align=\"center\"><\/td><td class=\"has-text-align-left\" data-align=\"left\">Participation as a core member in the international seminar organized by The Research and Academic Program at the Clark Art Institute, Williamstown, Massachusettes, USA, and the Art Academy, Institute of Art History, entitled Thinking Art History in East-Central Europe, Tallinn, Art Academy, 2010, May 14-15.<\/td><\/tr><tr><td class=\"has-text-align-center\" data-align=\"center\"><\/td><td class=\"has-text-align-left\" data-align=\"left\">Art History on the Disciplinary Map in East-Central Europe. International seminar organized by The Research and Academic Program at the Clark Art Institute, Williamstown, Massachusettes, USA, and the Art Academy, Institute of Art and the Masaryk University &amp; the Moravian Gallery, Brno, Czech Republic, Brno, 2010, Nov. 18 -19. Core member<\/td><\/tr><tr><td class=\"has-text-align-center\" data-align=\"center\"><\/td><td class=\"has-text-align-left\" data-align=\"left\">Book launch of Gender Check: Reader. Art and Theory in Eastern Europe, edited by Bojana Pejic &amp; Erste Foundation &amp; Museum Moderner Kunst Stiftung Ludwig Wien. Verlag der Buchhandlung Walther K\u00f6nig, K\u00f6ln, and workshop. MUMOK, Wien, 2010 Nov. 19. <a href=\"http:\/\/erstestiftung.org\/gender-check\/hungary-edit-andras\/\" target=\"_blank\" rel=\"noreferrer noopener\">http:\/\/erstestiftung.org\/gender-check\/hungary-edit-andras\/<\/a><\/td><\/tr><tr><td class=\"has-text-align-center\" data-align=\"center\"><\/td><td class=\"has-text-align-left\" data-align=\"left\">&#8220;Remembrance, erasure, and constructing of the historical past. Rites of passages from Socialism into nationalism in the ex-East bloc.&#8221; Erste Stiftung Patterns_lectures project, University of Arts, Iasi, Romania, 2010, Nov. 4. Invited lecturer <a href=\"http:\/\/www.arteiasi.ro\/ita\/index.php?\" target=\"_blank\" rel=\"noreferrer noopener\">http:\/\/www.arteiasi.ro\/ita\/index.php?<\/a><\/td><\/tr><tr><td class=\"has-text-align-center\" data-align=\"center\"><\/td><td class=\"has-text-align-left\" data-align=\"left\">Zone research program, Academy of Fine Arts and Design, Bratislava, Slovakia, 2010, May 3-6. Invited lecturer<\/td><\/tr><tr><td class=\"has-text-align-center\" data-align=\"center\">2010-2011<\/td><td class=\"has-text-align-left\" data-align=\"left\">Unfolding Narratives: Art Histories in East-Central Europe after 1989. East-Central Europe Seminar Series 2010-2011. (Tallinn, Brno, Bucharest \/ member of the core group) The Clark Art Institute, Research, and Academic program, Williamstown, USA<\/td><\/tr><tr><td class=\"has-text-align-center\" data-align=\"center\">2009<\/td><td class=\"has-text-align-left\" data-align=\"left\">&#8220;Differencing the Canon. Panel discussion with Griselda Pollock.&#8221; Gender Check. Femininity and Masculinity in the Art of Eastern Europe symposium, MUMOK, Vienna, Austria<\/td><\/tr><tr><td class=\"has-text-align-center\" data-align=\"center\"><\/td><td class=\"has-text-align-left\" data-align=\"left\">&#8220;Monuments, Monolits, Monsters.&#8221; Frieze Talk. Frieze Art Fair, London <a href=\"http:\/\/www.friezefoundation.org\/talks\/detail\/cac_vilnius_presents_memories_monoliths_monsters\/\" target=\"_blank\" rel=\"noreferrer noopener\">http:\/\/www.friezefoundation.org\/talks\/detail\/cac_vilnius_presents_memories_monoliths_monsters\/<\/a><\/td><\/tr><tr><td class=\"has-text-align-center\" data-align=\"center\">2008<\/td><td class=\"has-text-align-left\" data-align=\"left\">\u201eBuilders. The Future is Behind Us\u201d lecture in the framework of the international platform Art Always Has Its Consequences, Museum Sztuki, L\u00f3dz <a target=\"_blank\" href=\"http:\/\/04_pic_lodz.htm\" rel=\"noreferrer noopener\">(picture link)<\/a><\/td><\/tr><tr><td class=\"has-text-align-center\" data-align=\"center\">2007<\/td><td class=\"has-text-align-left\" data-align=\"left\">Conceptual Art at the Crossroads. No. 3. Art and Revolution. SocialEast. Forum on the Art and Visual Culture of Eastern Europe, Manchester Metropolitan University, Manchester, UK, presenter<\/td><\/tr><tr><td class=\"has-text-align-center\" data-align=\"center\">2006<\/td><td class=\"has-text-align-left\" data-align=\"left\">Who Owns the Boundaries? Conference and book presentation Art after Conceptual Art, MIT and Generali Foundation, Vienna, Austria, author&#8217;s presentation<\/td><\/tr><tr><td class=\"has-text-align-center\" data-align=\"center\"><\/td><td class=\"has-text-align-left\" data-align=\"left\">In between Globalizing Powers invited lecturer by the AICA Turkey, Istambul, Pera Museum, invited lecturer <a target=\"_blank\" href=\"http:\/\/04_pic_istanbul.htm\" rel=\"noreferrer noopener\">(picture link)<\/a><\/td><\/tr><tr><td class=\"has-text-align-center\" data-align=\"center\">2005<\/td><td class=\"has-text-align-left\" data-align=\"left\">Art Education = Controlling Art Community? 19. Annual Conference of School of Visual Arts, New York, presenter<\/td><\/tr><tr><td class=\"has-text-align-center\" data-align=\"center\"><\/td><td class=\"has-text-align-left\" data-align=\"left\">A workshop dedicated to the art scene of the Balkan, organized by Tranzit Vienna, Innsbruck, Austria<\/td><\/tr><tr><td class=\"has-text-align-center\" data-align=\"center\">2004<\/td><td class=\"has-text-align-left\" data-align=\"left\">&#8220;Blind Spots of the New Critical Theory&#8221; Conference The Art and Media of Accession. Trans_european Picnic, Novi Sad, Serbia <a target=\"_blank\" href=\"http:\/\/04_pic_novi_sad.htm\" rel=\"noreferrer noopener\">(picture link)<\/a><\/td><\/tr><tr><td class=\"has-text-align-center\" data-align=\"center\">2003<\/td><td class=\"has-text-align-left\" data-align=\"left\">&#8220;All that Glitters is not Gold. Local Artists within Global Framework&#8221; CAA (College Art Association) Annual Conference, New York<\/td><\/tr><tr><td class=\"has-text-align-center\" data-align=\"center\">2001<\/td><td class=\"has-text-align-left\" data-align=\"left\">Keynote speaker, &#8220;Who is Afraid of the New Critical Theory.&#8221; Annual AICA Conference Strategies of Power, Zagreb, Croatia<\/td><\/tr><tr><td class=\"has-text-align-center\" data-align=\"center\">2000<\/td><td class=\"has-text-align-left\" data-align=\"left\">Workshop \u2018Co-operation. International Forum for Feminist Art and Theory\u2019 Dubrovnik, Croatia<\/td><\/tr><tr><td class=\"has-text-align-center\" data-align=\"center\">1999<\/td><td class=\"has-text-align-left\" data-align=\"left\">&#8220;Gender Minefield as the Heritage of the Past&#8221; Conference After the Wall. Art and Culture in Post-Communist Europe, Moderna Museet, Stockholm, Sweden<\/td><\/tr><tr><td class=\"has-text-align-center\" data-align=\"center\"><\/td><td class=\"has-text-align-left\" data-align=\"left\">&#8220;Exclusion and Inclusion in the Art World&#8221; Conference Money \/ Nation, Shedhalle, Zurich<\/td><\/tr><tr><td class=\"has-text-align-center\" data-align=\"center\">1998       <\/td><td class=\"has-text-align-left\" data-align=\"left\">&#8220;Strategies of Hungarian Women Artists&#8221; Conference Women and the Arts Rutgers University, New Brunswick, NJ<\/td><\/tr><tr><td class=\"has-text-align-center\" data-align=\"center\"><\/td><td class=\"has-text-align-left\" data-align=\"left\">Co-Organizer, &#8220;Flirting with the body&#8221; at mini-conference Surviving Freedom: Visual Arts in Hungary since 1989, Rutgers University, New Brunswick, NJ.<\/td><\/tr><\/tbody><\/table><\/figure>\n\n\n\n<p><\/p>\n","protected":false},"excerpt":{"rendered":"<p>INTERNATIONAL CONFERENCES, WORKSHOPS AND LECTURES 2024 Guest speaker at Mobilising the feminist imaginary: arts-based research and creative activism, Summer School seminar, CEU, Budapest. July 2. 2024. \u201cThe Time of Art History and the \u201cPersonal Time\u201d of the Art Historian\u201dSpeaker at the conference Understanding 1989 in East-Central European Art. War vs. Revolution, Piotr Piotrowski Center for [&hellip;]<\/p>\n","protected":false},"author":1,"featured_media":0,"parent":0,"menu_order":0,"comment_status":"closed","ping_status":"closed","template":"","meta":{"footnotes":""},"class_list":["post-21","page","type-page","status-publish","hentry"],"_links":{"self":[{"href":"https:\/\/www.arthistorian.hu\/editandras\/wp-json\/wp\/v2\/pages\/21","targetHints":{"allow":["GET"]}}],"collection":[{"href":"https:\/\/www.arthistorian.hu\/editandras\/wp-json\/wp\/v2\/pages"}],"about":[{"href":"https:\/\/www.arthistorian.hu\/editandras\/wp-json\/wp\/v2\/types\/page"}],"author":[{"embeddable":true,"href":"https:\/\/www.arthistorian.hu\/editandras\/wp-json\/wp\/v2\/users\/1"}],"replies":[{"embeddable":true,"href":"https:\/\/www.arthistorian.hu\/editandras\/wp-json\/wp\/v2\/comments?post=21"}],"version-history":[{"count":37,"href":"https:\/\/www.arthistorian.hu\/editandras\/wp-json\/wp\/v2\/pages\/21\/revisions"}],"predecessor-version":[{"id":511,"href":"https:\/\/www.arthistorian.hu\/editandras\/wp-json\/wp\/v2\/pages\/21\/revisions\/511"}],"wp:attachment":[{"href":"https:\/\/www.arthistorian.hu\/editandras\/wp-json\/wp\/v2\/media?parent=21"}],"curies":[{"name":"wp","href":"https:\/\/api.w.org\/{rel}","templated":true}]}}