{"id":269,"date":"2022-03-24T17:39:21","date_gmt":"2022-03-24T17:39:21","guid":{"rendered":"https:\/\/www.arthistorian.hu\/editandras\/?page_id=269"},"modified":"2024-10-21T08:19:59","modified_gmt":"2024-10-21T08:19:59","slug":"awards","status":"publish","type":"page","link":"https:\/\/www.arthistorian.hu\/editandras\/awards\/","title":{"rendered":"Awards"},"content":{"rendered":"\n<figure class=\"wp-block-table is-style-stripes\"><table><tbody><tr><td>2024<\/td><td class=\"has-text-align-left\" data-align=\"left\">Awarded with Doctor Honoris Causa by the Academy of Fine Arts and Design, Bratislava<\/td><\/tr><tr><td><em>2008<\/em><\/td><td class=\"has-text-align-left\" data-align=\"left\"><em>Contemporary Art Award for Art Criticism given by the Hungarian Section of AICA<\/em><\/td><\/tr><tr><td><em>2000<\/em><\/td><td class=\"has-text-align-left\" data-align=\"left\"><em>N\u00e9meth Lajos Prize of the Hungarian Cultural Ministry for outstanding activity in art criticism<\/em><br><em>and theory<\/em><\/td><\/tr><tr><td><em>1993<\/em><\/td><td class=\"has-text-align-left\" data-align=\"left\"><em>The Best Art Paper of the Year Award of the Foundation \u00daj M\u0171v\u00e9szet \/ Art Today, Budapest<\/em><\/td><\/tr><tr><td><em>1985<\/em><\/td><td class=\"has-text-align-left\" data-align=\"left\"><em>Editorial Prize of the Hungarian Ministry of Culture and Education for the book Larissa<\/em><br><em>Zhadova, Tatlin, Budapest: Corvina Publishing House<\/em><\/td><\/tr><\/tbody><\/table><\/figure>\n","protected":false},"excerpt":{"rendered":"<p>2024 Awarded with Doctor Honoris Causa by the Academy of Fine Arts and Design, Bratislava 2008 Contemporary Art Award for Art Criticism given by the Hungarian Section of AICA 2000 N\u00e9meth Lajos Prize of the Hungarian Cultural Ministry for outstanding activity in art criticismand theory 1993 The Best Art Paper of the Year Award of [&hellip;]<\/p>\n","protected":false},"author":1,"featured_media":0,"parent":0,"menu_order":0,"comment_status":"closed","ping_status":"closed","template":"","meta":{"footnotes":""},"class_list":["post-269","page","type-page","status-publish","hentry"],"_links":{"self":[{"href":"https:\/\/www.arthistorian.hu\/editandras\/wp-json\/wp\/v2\/pages\/269","targetHints":{"allow":["GET"]}}],"collection":[{"href":"https:\/\/www.arthistorian.hu\/editandras\/wp-json\/wp\/v2\/pages"}],"about":[{"href":"https:\/\/www.arthistorian.hu\/editandras\/wp-json\/wp\/v2\/types\/page"}],"author":[{"embeddable":true,"href":"https:\/\/www.arthistorian.hu\/editandras\/wp-json\/wp\/v2\/users\/1"}],"replies":[{"embeddable":true,"href":"https:\/\/www.arthistorian.hu\/editandras\/wp-json\/wp\/v2\/comments?post=269"}],"version-history":[{"count":7,"href":"https:\/\/www.arthistorian.hu\/editandras\/wp-json\/wp\/v2\/pages\/269\/revisions"}],"predecessor-version":[{"id":591,"href":"https:\/\/www.arthistorian.hu\/editandras\/wp-json\/wp\/v2\/pages\/269\/revisions\/591"}],"wp:attachment":[{"href":"https:\/\/www.arthistorian.hu\/editandras\/wp-json\/wp\/v2\/media?parent=269"}],"curies":[{"name":"wp","href":"https:\/\/api.w.org\/{rel}","templated":true}]}}