{"id":29,"date":"2022-03-21T19:21:08","date_gmt":"2022-03-21T19:21:08","guid":{"rendered":"https:\/\/www.arthistorian.hu\/editandras\/?page_id=29"},"modified":"2024-09-17T06:29:38","modified_gmt":"2024-09-17T06:29:38","slug":"publications","status":"publish","type":"page","link":"https:\/\/www.arthistorian.hu\/editandras\/publications\/","title":{"rendered":"Authored books"},"content":{"rendered":"\n<figure class=\"wp-block-table aligncenter is-style-stripes\"><table><tbody><tr><td><img loading=\"lazy\" decoding=\"async\" width=\"150\" height=\"38\" class=\"wp-image-368\" style=\"width: 150px;\" src=\"https:\/\/www.arthistorian.hu\/editandras\/wp-content\/uploads\/2024\/09\/200x50.gif\" alt=\"\"><\/td><td class=\"has-text-align-left\" data-align=\"left\">[<a href=\"https:\/\/www.arthistorian.hu\/editandras\/cultural-crossdressing-art-on-the-ruins-of-socialism-and-on-the-pinnacles-of-nationalism\/\" target=\"_blank\" rel=\"noreferrer noopener\">Cultural Crossdressing: Art on the Ruins of Socialism and on the Pinnacles of Nationalism]<\/a> Kulturn\u00ed p\u0159evl\u00e9k\u00e1n\u00ed. Um\u011bn\u00ed na trosk\u00e1ch socialismu a na vrcholc\u00edch nacionalismu, Galerie modern\u00edho um\u011bn\u00ed v Hradci Kr\u00e1lov\u00e9, 2024 [in Czech]<\/td><\/tr><tr><td><\/td><td class=\"has-text-align-left\" data-align=\"left\">[<a target=\"_blank\" href=\"https:\/\/www.arthistorian.hu\/editandras\/imaginary-transgression-contemporary-art-and-critical-theories-on-the-eastern-part-of-europe\/\" rel=\"noreferrer noopener\">Imaginary Transgression: Contemporary Art and Critical Theories on the Eastern Part of Europe<\/a>] Hat\u00e1rs\u00e9rt\u0151 k\u00e9pzelet \u2013 Kort\u00e1rs m\u0171v\u00e9szet \u00e9s kritikai elm\u00e9let Eur\u00f3pa keleti fel\u00e9n. Budapest: MTA B\u00f6lcs\u00e9szettudom\u00e1nyi Kutat\u00f3k\u00f6zpont, 2023 [in Hungarian]<\/td><\/tr><tr><td><\/td><td class=\"has-text-align-left\" data-align=\"left\">[<a target=\"_blank\" href=\"https:\/\/www.arthistorian.hu\/editandras\/cultural-cross-dressing-art-on-the-ruins-of-socialism-kulturalis-atoltozes-muveszet-a-szocializmus-romjain\/\" rel=\"noreferrer noopener\">Cultural Cross-dressing. Art on the ruins of Socialism<\/a>] Kultur\u00e1lis \u00e1t\u00f6lt\u00f6z\u00e9s. M\u0171v\u00e9szet a szocializmus romjain. Budapest: Argumentum, 2009 [in Hungarian]<\/td><\/tr><tr><td><\/td><td class=\"has-text-align-left\" data-align=\"left\">[Dancing the Tight Rope. Essays on Contemporary American Art] K\u00f6t\u00e9lt\u00e1nc. Tanulm\u00e1nyok az ezredv\u00e9g amerikai k\u00e9pz\u0151m\u0171v\u00e9szet\u00e9r\u0151l. Budapest: \u00daj M\u0171v\u00e9szet Publishing House, 2001 [in Hungarian] <a target=\"_blank\" href=\"https:\/\/ujmuveszet.hu\/termek\/andras-edit-koteltanc\/\" rel=\"noreferrer noopener\">https:\/\/ujmuveszet.hu\/termek\/andras-edit-koteltanc\/<\/a><\/td><\/tr><tr><td><\/td><td class=\"has-text-align-left\" data-align=\"left\">Sch\u00f6nberger, Armand. 1885\u20131974 Budapest: Corvina Publishing House, 1984 [in Hungarian]<\/td><\/tr><\/tbody><\/table><\/figure>\n\n\n\n<div class=\"wp-block-media-text is-stacked-on-mobile is-vertically-aligned-bottom\" style=\"grid-template-columns:48% auto\"><figure class=\"wp-block-media-text__media\"><a href=\"https:\/\/www.arthistorian.hu\/editandras\/cultural-crossdressing-art-on-the-ruins-of-socialism-and-on-the-pinnacles-of-nationalism\/\"><img loading=\"lazy\" decoding=\"async\" width=\"762\" height=\"1024\" src=\"https:\/\/www.arthistorian.hu\/editandras\/wp-content\/uploads\/2024\/07\/Madarska-historicka-Andras-Edit-2100-762x1024.jpg\" alt=\"\" class=\"wp-image-330 size-full\" srcset=\"https:\/\/www.arthistorian.hu\/editandras\/wp-content\/uploads\/2024\/07\/Madarska-historicka-Andras-Edit-2100-762x1024.jpg 762w, https:\/\/www.arthistorian.hu\/editandras\/wp-content\/uploads\/2024\/07\/Madarska-historicka-Andras-Edit-2100-223x300.jpg 223w, https:\/\/www.arthistorian.hu\/editandras\/wp-content\/uploads\/2024\/07\/Madarska-historicka-Andras-Edit-2100-768x1032.jpg 768w, https:\/\/www.arthistorian.hu\/editandras\/wp-content\/uploads\/2024\/07\/Madarska-historicka-Andras-Edit-2100-1143x1536.jpg 1143w, https:\/\/www.arthistorian.hu\/editandras\/wp-content\/uploads\/2024\/07\/Madarska-historicka-Andras-Edit-2100-1524x2048.jpg 1524w, https:\/\/www.arthistorian.hu\/editandras\/wp-content\/uploads\/2024\/07\/Madarska-historicka-Andras-Edit-2100.jpg 1563w\" sizes=\"auto, (max-width: 762px) 100vw, 762px\" \/><\/a><\/figure><div class=\"wp-block-media-text__content\">\n<p class=\"has-small-font-size\">[<a href=\"https:\/\/www.arthistorian.hu\/editandras\/cultural-crossdressing-art-on-the-ruins-of-socialism-and-on-the-pinnacles-of-nationalism\/\">Cultural Crossdressing: Art on the Ruins of Socialism and on the Pinnacles of Nationalism<\/a>] Kulturn\u00ed p\u0159evl\u00e9k\u00e1n\u00ed. Um\u011bn\u00ed na trosk\u00e1ch socialismu a na vrcholc\u00edch nacionalismu, Galerie modern\u00edho um\u011bn\u00ed v Hradci Kr\u00e1lov\u00e9, 2024 [in Czech]<\/p>\n\n\n\n<p class=\"has-small-font-size\">This book, titled Kulturni prevl\u00e9k\u00e1ni. Um\u00e8ni na trosk\u00e1ch socialismu a na vrcholcich nacionalismu (Cultural Crossdressing. Art on the Ruins of Socialism and on the Pinnacles of Nationalism), is a Czech translation of selected parts from two related books by Hungarian art historian and theorist Edit Andr\u00e1s. The first of the two, Kultur\u00e1lis \u00e1t\u00f6lt\u00f6z\u00e9s. M\u00fav\u00e9szet a szocializmus romjain (Cultural Crossdressing.Art on the Ruins of Socialism, 2009), looked at the Hungarian art scene, artistic trends, and artists during the transformation era (1989\u20132010). Selected parts of this book form our new publication\u2019s first section, titled \u201cI. Art on the Ruins of Socialism\u201d (I. Um\u00e8ni na trosk\u00e1ch socialismu). The second book, Hat\u00e1rs\u00e9rt\u0151 k\u00e9pzelet. Kort\u00e1rs m\u0171v\u00e9szet \u00e9s kritikai elm\u00e9let Eur\u00f3pa keleti fel\u00e9n (Imaginary Transgression. Contemporary Art and Critical Theory in Eastern Europe, 2023) \u2013 sections of which make up the second part of our publication, \u201cII. Art on the Pinnacles of Nationalism\u201d (I. Um\u00e8ni na vrcholcich nacionalismu) \u2013 explored the period after 2010 and built on the ideas developed in the first book, which chronologically ended at the time of rising nationalist tendencies in Hungary\u2026<\/p>\n<\/div><\/div>\n\n\n\n<p class=\"has-small-font-size\">The publisher of this Czech translation, the Gallery of Modern Art in Hradec Kr\u00e1lov\u00e9, has chosen to include in its edition mainly those passages that describe the Hungarian art scene and the works being made by Hungarian artists. Nevertheless, great care was put into the selection of these passages, which author Edit Andr\u00e1s made with a view to providing at least a partial theoretical framework, necessitated among other things by the fact that her approach to thinking and writing about Hungarian (but not just Hungarian) culture and art is founded on critical theories for writing on contemporary art. Her intention was not to present a comprehensive overview of art, but instead to focus on those areas that she considered crucial, valid, and relevant from a present-day perspective. In her analysis and study of art, she uses the methods of critical art history writing.<br>The first part of our book, \u201cI. Art on the Ruins of Socialism\u201d, looks at the Hungarian art scene in the 20 years after the fall of state socialism. Its central theme is the transformation of art-making practices, theory, and artistic positions. The artists mentioned in the text actively contributed to the production of new knowledge and new concepts, explored the events and processes that were a part of these changes, enabled the free flow of previously repressed emotions, and in some cases revealed hidden contradictions.<\/p>\n\n\n\n<p class=\"has-small-font-size\">Excerpt from summary (Written by Jan Z\u00e1le\u0161\u00e1k, translation: Stephan von Pohl)<br><a href=\"https:\/\/www.arthistorian.hu\/editandras\/cultural-crossdressing-art-on-the-ruins-of-socialism-and-on-the-pinnacles-of-nationalism\/\">(Continue reading about this book)<\/a><\/p>\n\n\n\n<hr class=\"wp-block-separator has-text-color has-vivid-red-color has-alpha-channel-opacity has-vivid-red-background-color has-background\"\/>\n\n\n\n<div class=\"wp-block-media-text is-stacked-on-mobile is-vertically-aligned-top\" style=\"grid-template-columns:47% auto\"><figure class=\"wp-block-media-text__media\"><a href=\"https:\/\/www.arthistorian.hu\/editandras\/imaginary-transgression-contemporary-art-and-critical-theories-on-the-eastern-part-of-europe\/\"><img loading=\"lazy\" decoding=\"async\" width=\"338\" height=\"500\" src=\"https:\/\/www.arthistorian.hu\/editandras\/wp-content\/uploads\/2023\/11\/AE-Hatarserto-kepzelet.jpg\" alt=\"\" class=\"wp-image-313 size-full\" srcset=\"https:\/\/www.arthistorian.hu\/editandras\/wp-content\/uploads\/2023\/11\/AE-Hatarserto-kepzelet.jpg 338w, https:\/\/www.arthistorian.hu\/editandras\/wp-content\/uploads\/2023\/11\/AE-Hatarserto-kepzelet-203x300.jpg 203w\" sizes=\"auto, (max-width: 338px) 100vw, 338px\" \/><\/a><\/figure><div class=\"wp-block-media-text__content\">\n<p class=\"has-small-font-size\">Imaginary transgression: Contemporary Art and Critical Theories on the Eastern Part of Europe (Hat\u00e1rs\u00e9rt\u0151 k\u00e9pzelet \u2013 Kort\u00e1rs m\u0171v\u00e9szet \u00e9s kritikai elm\u00e9let Eur\u00f3pa keleti fel\u00e9n.) Budapest: MTA B\u00f6lcs\u00e9szettudom\u00e1nyi Kutat\u00f3k\u00f6zpont, 2023 [in Hungarian]<\/p>\n\n\n\n<p class=\"has-small-font-size\">If I had to say in a nutshell what kind of book Edit Andr\u00e1s has written, the first thing that would come to mind is: outspoken. The second would be: unorthodox. Wherever you look, you will not find any ambiguity, evasion, or vague allusions. The text is argumentative and critical, taking the reader from the euphoric and unexpectedly bitter decade after the change of regime-when &#8220;a world collapsed&#8221; and the new one was far from its best-through the unending global political, economic, and mental crisis of the 2000s-to our current oppressive life, plagued by pandemics and war nearby.<\/p>\n\n\n\n<p class=\"has-small-font-size\">What has happened and is happening to us &#8211; and, of course, to art and artists in particular &#8211; needs to be understood, and an art historian today must contribute to this process of comprehension. In her analyses and investigations, Edit applies the methods of critical art history and contemporary historical theory; she criticizes and argues with her colleagues with due respect, but also with courage. A productive tension runs through all the chapters.<br><br>Excerpt from the Introduction of the book (G\u00e1bor Andr\u00e1si, editor)<\/p>\n\n\n\n<p class=\"has-small-font-size\"><a href=\"https:\/\/www.arthistorian.hu\/editandras\/imaginary-transgression-contemporary-art-and-critical-theories-on-the-eastern-part-of-europe\/\">(Continue reading about this book)<\/a><\/p>\n<\/div><\/div>\n\n\n\n<hr class=\"wp-block-separator has-text-color has-vivid-red-color has-alpha-channel-opacity has-vivid-red-background-color has-background is-style-default\"\/>\n\n\n\n<div class=\"wp-block-media-text is-stacked-on-mobile is-vertically-aligned-top\" style=\"grid-template-columns:44% auto\"><figure class=\"wp-block-media-text__media\"><a href=\"https:\/\/www.arthistorian.hu\/editandras\/cultural-cross-dressing-art-on-the-ruins-of-socialism-kulturalis-atoltozes-muveszet-a-szocializmus-romjain\/\"><img loading=\"lazy\" decoding=\"async\" width=\"301\" height=\"500\" src=\"https:\/\/www.arthistorian.hu\/editandras\/wp-content\/uploads\/2023\/11\/AE-Kulturalis-atoltozes-.jpg\" alt=\"\" class=\"wp-image-319 size-full\" srcset=\"https:\/\/www.arthistorian.hu\/editandras\/wp-content\/uploads\/2023\/11\/AE-Kulturalis-atoltozes-.jpg 301w, https:\/\/www.arthistorian.hu\/editandras\/wp-content\/uploads\/2023\/11\/AE-Kulturalis-atoltozes--181x300.jpg 181w\" sizes=\"auto, (max-width: 301px) 100vw, 301px\" \/><\/a><\/figure><div class=\"wp-block-media-text__content\">\n<p class=\"has-small-font-size\"><em>Cultural cross-dressing. Art on the ruins of Socialism;<\/em>&nbsp;(Kultur\u00e1lis \u00e1t\u00f6lt\u00f6z\u00e9s. M\u0171v\u00e9szet a szocializmus romjain.) Budapest: Argumentum, 2009 [in Hungarian]<br><br>Edit Andr\u00e1s is an art historian and art critic, as well as a Senior Research Fellow at the Institute of Art History of the Hungarian Academy of Sciences. She has had the opportunity to contribute to numerous contemporary art studies and reviews in Hungarian and foreign journals, catalogues, and volumes of studies. Her contributions to the field of contemporary art and theory in the post-socialist region, with a particular focus on the transition period, have been translated into a number of languages.&nbsp; In 2008, he was honored with the Art Criticism Prize of the Hungarian chapter of the International Association of Art Critics (AICA) for his work on The Collective Memory and Trauma of the Socialist Past, which was published in English and in Hungarian in this volume. &#8220;It is not an easy task to take stock of the period since the regime change and of recent artistic developments in Hungary and Eastern Europe. There is no reassuring historical perspective that gives structure to events and puts different phenomena into context, which makes this a challenging undertaking.&#8221; It is important to note that the individuals in question are often among us, and as a result, the complex web of personal sensitivities requires a high level of care and sensitivity. It would be remiss of me not to suggest that there is no more interesting task in art history than to venture forward and, entering a field untraversed by others, to set to work with an openness to new ideas and new insights, and a sensitivity to uncharted values. In recent years, Edit Andr\u00e1s has devoted her theoretical and critical attention to post-socialist art from the disintegrating Eastern Bloc. Her writings offer a history of change, exploring the various aspects of this phenomenon. <br><br>Excerpt from the Introduction of the book (G\u00e1bor Andr\u00e1si, editor of the book)<\/p>\n\n\n\n<p class=\"has-small-font-size\"><a href=\"https:\/\/www.arthistorian.hu\/editandras\/cultural-cross-dressing-art-on-the-ruins-of-socialism-kulturalis-atoltozes-muveszet-a-szocializmus-romjain\/\">(Continue reading about this book)<\/a><\/p>\n<\/div><\/div>\n\n\n\n<hr class=\"wp-block-separator has-text-color has-vivid-red-color has-alpha-channel-opacity has-vivid-red-background-color has-background is-style-default\"\/>\n\n\n\n<div class=\"wp-block-media-text is-stacked-on-mobile is-vertically-aligned-top\" style=\"grid-template-columns:39% auto\"><figure class=\"wp-block-media-text__media\"><img loading=\"lazy\" decoding=\"async\" width=\"335\" height=\"500\" src=\"https:\/\/www.arthistorian.hu\/editandras\/wp-content\/uploads\/2023\/11\/AE-koteltanc.jpg\" alt=\"\" class=\"wp-image-317 size-full\" srcset=\"https:\/\/www.arthistorian.hu\/editandras\/wp-content\/uploads\/2023\/11\/AE-koteltanc.jpg 335w, https:\/\/www.arthistorian.hu\/editandras\/wp-content\/uploads\/2023\/11\/AE-koteltanc-201x300.jpg 201w\" sizes=\"auto, (max-width: 335px) 100vw, 335px\" \/><\/figure><div class=\"wp-block-media-text__content\">\n<p class=\"has-small-font-size\"><em>Dancing the Tight Rope. Essays on Contemporary American Art;<\/em>&nbsp;(<strong>K\u00f6t\u00e9lt\u00e1nc<\/strong>. Tanulm\u00e1nyok az ezredv\u00e9g amerikai k\u00e9pz\u0151m\u0171v\u00e9szet\u00e9r\u0151l) Budapest: \u00daj M\u0171v\u00e9szet Publishing House, 2001 [in Hungarian]<\/p>\n\n\n\n<p class=\"has-small-font-size\">Edit Andr\u00e1s spent about half of the nineties in New York, from where she regularly sent back her art reviews and criticism. During her time in Hungary, she was engaged in the local adaptation of the latest trends and ideas in contemporary art, scanning and stimulating phenomena that had the same origin but showed local differences. Meanwhile, in Europe, he continued his critical work on contemporary American art by reviewing major international American exhibitions (Berlin, London, Venice). Although the title was about Andr\u00e1s B\u00f6r\u00f6cz, commuting between Budapest and New York, and written in connection with one of his exhibitions, it also fits perfectly into her own position as an art critic; it could even be considered his implicit critical ars poetics, and as such is an excellent introduction to a collected edition of her art criticism: &#8220;It is a vital, strange adventure to wander from one culture to another. One extreme pole of integration is to become an island, an island, to remain outside. In this case, the price of protection, of enclosure, is isolation, one-way communication. At the other extreme is the identification that demands too much of everything and everyone, the unconditional interiorization of new values, from which communication is again one-way because there is nothing to appeal to from here. But it is a torturous and beautiful thing to be in between, to mediate from one world to another. The delicate balance required for this can only be maintained for a time or two, so strong is the force working against it: the attraction of the old and the lure of the new. In the meantime, there is the hovering, the incessant tightrope walks over the narrow but deep abyss, where you have to watch with every nerve, eyes wide open, breathless, not to drift off or grab hold too soon. If you do, there&#8217;s no turning back, you&#8217;re in a state of suspended animation. A writer must work and define his position constantly; an artist must work constantly, as if his days were numbered; and on the tightrope, they are indeed numbered. Perhaps I do not emphasize enough that this is New York. It is a city whose intensity is almost unbearable, whose condensed existence is shocking, and where time seems to have accelerated and space concentrated. You can&#8217;t help but think about it, it&#8217;s so challenging.&#8221; <br>(Excepts from the Introduction of the book)<\/p>\n<\/div><\/div>\n\n\n\n<hr class=\"wp-block-separator has-text-color has-vivid-red-color has-alpha-channel-opacity has-vivid-red-background-color has-background\"\/>\n\n\n\n<div class=\"wp-block-media-text is-stacked-on-mobile is-vertically-aligned-top\" style=\"grid-template-columns:39% auto\"><figure class=\"wp-block-media-text__media\"><img loading=\"lazy\" decoding=\"async\" width=\"271\" height=\"303\" src=\"https:\/\/www.arthistorian.hu\/editandras\/wp-content\/uploads\/2022\/03\/SchA-AE2-1-e1701104038479.jpg\" alt=\"\" class=\"wp-image-297 size-full\" srcset=\"https:\/\/www.arthistorian.hu\/editandras\/wp-content\/uploads\/2022\/03\/SchA-AE2-1-e1701104038479.jpg 271w, https:\/\/www.arthistorian.hu\/editandras\/wp-content\/uploads\/2022\/03\/SchA-AE2-1-e1701104038479-268x300.jpg 268w\" sizes=\"auto, (max-width: 271px) 100vw, 271px\" \/><\/figure><div class=\"wp-block-media-text__content\">\n<p class=\"has-small-font-size\"><em>Sch\u00f6nberger, Armand. 1885-1974<\/em>&nbsp; Budapest: Corvina Publishing House, 1984 [in Hungarian]<\/p>\n\n\n\n<p class=\"has-small-font-size\">Armand Sch\u00f6nberger belongs to the second generation of the Hungarian avant-garde. He is one of those artists who have been undeservedly neglected by Hungarian art historians. In the 1910s, in the context of the activist movement, he created works with a constructive spirit and deep human meaning. His most important period was the 1920s and 1930s, when his graphic and painterly work was completed, moving from Expressionism to Cubism and partly to Futurism.<\/p>\n\n\n\n<p class=\"has-small-font-size\">For the first time, Edit Andr\u00e1s has undertaken the basic research necessary to present a complete career and the painter&#8217;s oeuvre, illustrated with 7 color and 52 black-and-white reproductions.<\/p>\n<\/div><\/div>\n","protected":false},"excerpt":{"rendered":"<p>[Cultural Crossdressing: Art on the Ruins of Socialism and on the Pinnacles of Nationalism] Kulturn\u00ed p\u0159evl\u00e9k\u00e1n\u00ed. Um\u011bn\u00ed na trosk\u00e1ch socialismu a na vrcholc\u00edch nacionalismu, Galerie modern\u00edho um\u011bn\u00ed v Hradci Kr\u00e1lov\u00e9, 2024 [in Czech] [Imaginary Transgression: Contemporary Art and Critical Theories on the Eastern Part of Europe] Hat\u00e1rs\u00e9rt\u0151 k\u00e9pzelet \u2013 Kort\u00e1rs m\u0171v\u00e9szet \u00e9s kritikai elm\u00e9let Eur\u00f3pa [&hellip;]<\/p>\n","protected":false},"author":1,"featured_media":0,"parent":0,"menu_order":0,"comment_status":"closed","ping_status":"closed","template":"","meta":{"footnotes":""},"class_list":["post-29","page","type-page","status-publish","hentry"],"_links":{"self":[{"href":"https:\/\/www.arthistorian.hu\/editandras\/wp-json\/wp\/v2\/pages\/29","targetHints":{"allow":["GET"]}}],"collection":[{"href":"https:\/\/www.arthistorian.hu\/editandras\/wp-json\/wp\/v2\/pages"}],"about":[{"href":"https:\/\/www.arthistorian.hu\/editandras\/wp-json\/wp\/v2\/types\/page"}],"author":[{"embeddable":true,"href":"https:\/\/www.arthistorian.hu\/editandras\/wp-json\/wp\/v2\/users\/1"}],"replies":[{"embeddable":true,"href":"https:\/\/www.arthistorian.hu\/editandras\/wp-json\/wp\/v2\/comments?post=29"}],"version-history":[{"count":51,"href":"https:\/\/www.arthistorian.hu\/editandras\/wp-json\/wp\/v2\/pages\/29\/revisions"}],"predecessor-version":[{"id":580,"href":"https:\/\/www.arthistorian.hu\/editandras\/wp-json\/wp\/v2\/pages\/29\/revisions\/580"}],"wp:attachment":[{"href":"https:\/\/www.arthistorian.hu\/editandras\/wp-json\/wp\/v2\/media?parent=29"}],"curies":[{"name":"wp","href":"https:\/\/api.w.org\/{rel}","templated":true}]}}