{"id":422,"date":"2024-09-16T09:32:21","date_gmt":"2024-09-16T09:32:21","guid":{"rendered":"https:\/\/www.arthistorian.hu\/editandras\/?page_id=422"},"modified":"2024-09-16T12:17:36","modified_gmt":"2024-09-16T12:17:36","slug":"cultural-cross-dressing-art-on-the-ruins-of-socialism-kulturalis-atoltozes-muveszet-a-szocializmus-romjain","status":"publish","type":"page","link":"https:\/\/www.arthistorian.hu\/editandras\/cultural-cross-dressing-art-on-the-ruins-of-socialism-kulturalis-atoltozes-muveszet-a-szocializmus-romjain\/","title":{"rendered":"Cultural cross-dressing. Art on the ruins of Socialism; (Kultur\u00e1lis \u00e1t\u00f6lt\u00f6z\u00e9s. M\u0171v\u00e9szet a szocializmus romjain.)"},"content":{"rendered":"<figure class=\"wp-block-image alignleft size-large is-resized\"><img decoding=\"async\" src=\"https:\/\/www.arthistorian.hu\/editandras\/wp-content\/uploads\/2023\/11\/AE-Kulturalis-atoltozes-.jpg\" alt=\"\" class=\"wp-image-46\" style=\"width:193px;height:257px\"\/><\/figure>\n\n\n<p class=\"has-small-font-size\"><em>Cultural cross-dressing. Art on the ruins of Socialism;<\/em>&nbsp;(Kultur\u00e1lis \u00e1t\u00f6lt\u00f6z\u00e9s. M\u0171v\u00e9szet a szocializmus romjain.) Budapest: Argumentum, 2009 [in Hungarian]<br><br>Edit Andr\u00e1s is an art historian and art critic, as well as a Senior Research Fellow at the Institute of Art History of the Hungarian Academy of Sciences. She has had the opportunity to contribute to numerous contemporary art studies and reviews in Hungarian and foreign journals, catalogues, and volumes of studies. Her contributions to the field of contemporary art and theory in the post-socialist region, with a particular focus on the transition period, have been translated into a number of languages.&nbsp; In 2008, he was honored with the Art Criticism Prize of the Hungarian chapter of the International Association of Art Critics (AICA) for his work on The Collective Memory and Trauma of the Socialist Past, which was published in English and in Hungarian in this volume. &#8220;It is not an easy task to take stock of the period since the regime change and of recent artistic developments in Hungary and Eastern Europe. There is no reassuring historical perspective that gives structure to events and puts different phenomena into context, which makes this a challenging undertaking.&#8221; It is important to note that the individuals in question are often among us, and as a result, the complex web of personal sensitivities requires a high level of care and sensitivity. It would be remiss of me not to suggest that there is no more interesting task in art history than to venture forward and, entering a field untraversed by others, to set to work with an openness to new ideas and new insights, and a sensitivity to uncharted values. In recent years, Edit Andr\u00e1s has devoted her theoretical and critical attention to post-socialist art from the disintegrating Eastern Bloc. Her writings offer a history of change, exploring the various aspects of this phenomenon. From these diverse perspectives, a comprehensive overview can be constructed. It would be beneficial for the art of post-socialist countries to find an international audience. This may be achieved by artists, critics, and art historians looking both &#8220;outwards,&#8221; at the global scene, and &#8220;inwards,&#8221; at the local scene. Edit Andr\u00e1s&#8217;s writings are distinguished by their reflection of a continuous and consistent &#8220;two-way thinking&#8221; approach. On this horizon, the different points of view and contexts are brought together in a way that does not pit one against the other, but rather seeks to reinforce and explain each other. Theoretical problems are brought to art by case studies, which can also serve as a methodological example for reconciling theory and practice. The volume is a valuable resource for both practitioners and those seeking a career in the arts, offering insights into the contemporary art discourse. <br><br>(G\u00e1bor Andr\u00e1si, editor of the book)<\/p>\n\n\n\n<figure class=\"wp-block-gallery has-nested-images columns-default is-cropped wp-block-gallery-1 is-layout-flex wp-block-gallery-is-layout-flex\">\n<figure data-wp-context=\"{&quot;imageId&quot;:&quot;6a06281b07569&quot;}\" data-wp-interactive=\"core\/image\" data-wp-key=\"6a06281b07569\" class=\"wp-block-image size-large wp-lightbox-container\"><img loading=\"lazy\" decoding=\"async\" width=\"1024\" height=\"685\" data-wp-class--hide=\"state.isContentHidden\" data-wp-class--show=\"state.isContentVisible\" data-wp-init=\"callbacks.setButtonStyles\" data-wp-on--click=\"actions.showLightbox\" data-wp-on--load=\"callbacks.setButtonStyles\" data-wp-on-window--resize=\"callbacks.setButtonStyles\" data-id=\"425\" src=\"https:\/\/www.arthistorian.hu\/editandras\/wp-content\/uploads\/2024\/09\/Edit.Andras.Kulturalis.atoltozes.bemutato1-1024x685.jpg\" alt=\"\" class=\"wp-image-425\" srcset=\"https:\/\/www.arthistorian.hu\/editandras\/wp-content\/uploads\/2024\/09\/Edit.Andras.Kulturalis.atoltozes.bemutato1-1024x685.jpg 1024w, https:\/\/www.arthistorian.hu\/editandras\/wp-content\/uploads\/2024\/09\/Edit.Andras.Kulturalis.atoltozes.bemutato1-300x201.jpg 300w, https:\/\/www.arthistorian.hu\/editandras\/wp-content\/uploads\/2024\/09\/Edit.Andras.Kulturalis.atoltozes.bemutato1-768x514.jpg 768w, https:\/\/www.arthistorian.hu\/editandras\/wp-content\/uploads\/2024\/09\/Edit.Andras.Kulturalis.atoltozes.bemutato1-1536x1027.jpg 1536w, https:\/\/www.arthistorian.hu\/editandras\/wp-content\/uploads\/2024\/09\/Edit.Andras.Kulturalis.atoltozes.bemutato1.jpg 1794w\" sizes=\"auto, (max-width: 1024px) 100vw, 1024px\" \/><button\n\t\t\tclass=\"lightbox-trigger\"\n\t\t\ttype=\"button\"\n\t\t\taria-haspopup=\"dialog\"\n\t\t\taria-label=\"Enlarge\"\n\t\t\tdata-wp-init=\"callbacks.initTriggerButton\"\n\t\t\tdata-wp-on--click=\"actions.showLightbox\"\n\t\t\tdata-wp-style--right=\"state.imageButtonRight\"\n\t\t\tdata-wp-style--top=\"state.imageButtonTop\"\n\t\t>\n\t\t\t<svg xmlns=\"http:\/\/www.w3.org\/2000\/svg\" width=\"12\" height=\"12\" fill=\"none\" viewBox=\"0 0 12 12\">\n\t\t\t\t<path fill=\"#fff\" d=\"M2 0a2 2 0 0 0-2 2v2h1.5V2a.5.5 0 0 1 .5-.5h2V0H2Zm2 10.5H2a.5.5 0 0 1-.5-.5V8H0v2a2 2 0 0 0 2 2h2v-1.5ZM8 12v-1.5h2a.5.5 0 0 0 .5-.5V8H12v2a2 2 0 0 1-2 2H8Zm2-12a2 2 0 0 1 2 2v2h-1.5V2a.5.5 0 0 0-.5-.5H8V0h2Z\" \/>\n\t\t\t<\/svg>\n\t\t<\/button><\/figure>\n\n\n\n<figure data-wp-context=\"{&quot;imageId&quot;:&quot;6a06281b08335&quot;}\" data-wp-interactive=\"core\/image\" data-wp-key=\"6a06281b08335\" class=\"wp-block-image size-large wp-lightbox-container\"><img loading=\"lazy\" decoding=\"async\" width=\"1024\" height=\"655\" data-wp-class--hide=\"state.isContentHidden\" data-wp-class--show=\"state.isContentVisible\" data-wp-init=\"callbacks.setButtonStyles\" data-wp-on--click=\"actions.showLightbox\" data-wp-on--load=\"callbacks.setButtonStyles\" data-wp-on-window--resize=\"callbacks.setButtonStyles\" data-id=\"428\" src=\"https:\/\/www.arthistorian.hu\/editandras\/wp-content\/uploads\/2024\/09\/Edit.Andras.Kulturalis.atoltozes.bemutato2-1024x655.jpg\" alt=\"\" class=\"wp-image-428\" srcset=\"https:\/\/www.arthistorian.hu\/editandras\/wp-content\/uploads\/2024\/09\/Edit.Andras.Kulturalis.atoltozes.bemutato2-1024x655.jpg 1024w, https:\/\/www.arthistorian.hu\/editandras\/wp-content\/uploads\/2024\/09\/Edit.Andras.Kulturalis.atoltozes.bemutato2-300x192.jpg 300w, https:\/\/www.arthistorian.hu\/editandras\/wp-content\/uploads\/2024\/09\/Edit.Andras.Kulturalis.atoltozes.bemutato2-768x492.jpg 768w, https:\/\/www.arthistorian.hu\/editandras\/wp-content\/uploads\/2024\/09\/Edit.Andras.Kulturalis.atoltozes.bemutato2-1536x983.jpg 1536w, https:\/\/www.arthistorian.hu\/editandras\/wp-content\/uploads\/2024\/09\/Edit.Andras.Kulturalis.atoltozes.bemutato2.jpg 1875w\" sizes=\"auto, (max-width: 1024px) 100vw, 1024px\" \/><button\n\t\t\tclass=\"lightbox-trigger\"\n\t\t\ttype=\"button\"\n\t\t\taria-haspopup=\"dialog\"\n\t\t\taria-label=\"Enlarge\"\n\t\t\tdata-wp-init=\"callbacks.initTriggerButton\"\n\t\t\tdata-wp-on--click=\"actions.showLightbox\"\n\t\t\tdata-wp-style--right=\"state.imageButtonRight\"\n\t\t\tdata-wp-style--top=\"state.imageButtonTop\"\n\t\t>\n\t\t\t<svg xmlns=\"http:\/\/www.w3.org\/2000\/svg\" width=\"12\" height=\"12\" fill=\"none\" viewBox=\"0 0 12 12\">\n\t\t\t\t<path fill=\"#fff\" d=\"M2 0a2 2 0 0 0-2 2v2h1.5V2a.5.5 0 0 1 .5-.5h2V0H2Zm2 10.5H2a.5.5 0 0 1-.5-.5V8H0v2a2 2 0 0 0 2 2h2v-1.5ZM8 12v-1.5h2a.5.5 0 0 0 .5-.5V8H12v2a2 2 0 0 1-2 2H8Zm2-12a2 2 0 0 1 2 2v2h-1.5V2a.5.5 0 0 0-.5-.5H8V0h2Z\" \/>\n\t\t\t<\/svg>\n\t\t<\/button><\/figure>\n\n\n\n<figure data-wp-context=\"{&quot;imageId&quot;:&quot;6a06281b0884d&quot;}\" data-wp-interactive=\"core\/image\" data-wp-key=\"6a06281b0884d\" class=\"wp-block-image size-large wp-lightbox-container\"><img loading=\"lazy\" decoding=\"async\" width=\"1024\" height=\"692\" data-wp-class--hide=\"state.isContentHidden\" data-wp-class--show=\"state.isContentVisible\" data-wp-init=\"callbacks.setButtonStyles\" data-wp-on--click=\"actions.showLightbox\" data-wp-on--load=\"callbacks.setButtonStyles\" data-wp-on-window--resize=\"callbacks.setButtonStyles\" data-id=\"424\" src=\"https:\/\/www.arthistorian.hu\/editandras\/wp-content\/uploads\/2024\/09\/Edit.Andras.Kulturalis.atoltozes.bemutato3-1024x692.jpg\" alt=\"\" class=\"wp-image-424\" srcset=\"https:\/\/www.arthistorian.hu\/editandras\/wp-content\/uploads\/2024\/09\/Edit.Andras.Kulturalis.atoltozes.bemutato3-1024x692.jpg 1024w, https:\/\/www.arthistorian.hu\/editandras\/wp-content\/uploads\/2024\/09\/Edit.Andras.Kulturalis.atoltozes.bemutato3-300x203.jpg 300w, https:\/\/www.arthistorian.hu\/editandras\/wp-content\/uploads\/2024\/09\/Edit.Andras.Kulturalis.atoltozes.bemutato3-768x519.jpg 768w, https:\/\/www.arthistorian.hu\/editandras\/wp-content\/uploads\/2024\/09\/Edit.Andras.Kulturalis.atoltozes.bemutato3-1536x1038.jpg 1536w, https:\/\/www.arthistorian.hu\/editandras\/wp-content\/uploads\/2024\/09\/Edit.Andras.Kulturalis.atoltozes.bemutato3.jpg 1776w\" sizes=\"auto, (max-width: 1024px) 100vw, 1024px\" \/><button\n\t\t\tclass=\"lightbox-trigger\"\n\t\t\ttype=\"button\"\n\t\t\taria-haspopup=\"dialog\"\n\t\t\taria-label=\"Enlarge\"\n\t\t\tdata-wp-init=\"callbacks.initTriggerButton\"\n\t\t\tdata-wp-on--click=\"actions.showLightbox\"\n\t\t\tdata-wp-style--right=\"state.imageButtonRight\"\n\t\t\tdata-wp-style--top=\"state.imageButtonTop\"\n\t\t>\n\t\t\t<svg xmlns=\"http:\/\/www.w3.org\/2000\/svg\" width=\"12\" height=\"12\" fill=\"none\" viewBox=\"0 0 12 12\">\n\t\t\t\t<path fill=\"#fff\" d=\"M2 0a2 2 0 0 0-2 2v2h1.5V2a.5.5 0 0 1 .5-.5h2V0H2Zm2 10.5H2a.5.5 0 0 1-.5-.5V8H0v2a2 2 0 0 0 2 2h2v-1.5ZM8 12v-1.5h2a.5.5 0 0 0 .5-.5V8H12v2a2 2 0 0 1-2 2H8Zm2-12a2 2 0 0 1 2 2v2h-1.5V2a.5.5 0 0 0-.5-.5H8V0h2Z\" \/>\n\t\t\t<\/svg>\n\t\t<\/button><\/figure>\n\n\n\n<figure data-wp-context=\"{&quot;imageId&quot;:&quot;6a06281b08dcc&quot;}\" data-wp-interactive=\"core\/image\" data-wp-key=\"6a06281b08dcc\" class=\"wp-block-image size-large wp-lightbox-container\"><img loading=\"lazy\" decoding=\"async\" width=\"1024\" height=\"768\" data-wp-class--hide=\"state.isContentHidden\" data-wp-class--show=\"state.isContentVisible\" data-wp-init=\"callbacks.setButtonStyles\" data-wp-on--click=\"actions.showLightbox\" data-wp-on--load=\"callbacks.setButtonStyles\" data-wp-on-window--resize=\"callbacks.setButtonStyles\" data-id=\"427\" src=\"https:\/\/www.arthistorian.hu\/editandras\/wp-content\/uploads\/2024\/09\/Edit.Andras.Kulturalis.atoltozes.bemutato4-1024x768.jpg\" alt=\"\" class=\"wp-image-427\" srcset=\"https:\/\/www.arthistorian.hu\/editandras\/wp-content\/uploads\/2024\/09\/Edit.Andras.Kulturalis.atoltozes.bemutato4-1024x768.jpg 1024w, https:\/\/www.arthistorian.hu\/editandras\/wp-content\/uploads\/2024\/09\/Edit.Andras.Kulturalis.atoltozes.bemutato4-300x225.jpg 300w, https:\/\/www.arthistorian.hu\/editandras\/wp-content\/uploads\/2024\/09\/Edit.Andras.Kulturalis.atoltozes.bemutato4-768x576.jpg 768w, https:\/\/www.arthistorian.hu\/editandras\/wp-content\/uploads\/2024\/09\/Edit.Andras.Kulturalis.atoltozes.bemutato4-1536x1153.jpg 1536w, https:\/\/www.arthistorian.hu\/editandras\/wp-content\/uploads\/2024\/09\/Edit.Andras.Kulturalis.atoltozes.bemutato4.jpg 1599w\" sizes=\"auto, (max-width: 1024px) 100vw, 1024px\" \/><button\n\t\t\tclass=\"lightbox-trigger\"\n\t\t\ttype=\"button\"\n\t\t\taria-haspopup=\"dialog\"\n\t\t\taria-label=\"Enlarge\"\n\t\t\tdata-wp-init=\"callbacks.initTriggerButton\"\n\t\t\tdata-wp-on--click=\"actions.showLightbox\"\n\t\t\tdata-wp-style--right=\"state.imageButtonRight\"\n\t\t\tdata-wp-style--top=\"state.imageButtonTop\"\n\t\t>\n\t\t\t<svg xmlns=\"http:\/\/www.w3.org\/2000\/svg\" width=\"12\" height=\"12\" fill=\"none\" viewBox=\"0 0 12 12\">\n\t\t\t\t<path fill=\"#fff\" d=\"M2 0a2 2 0 0 0-2 2v2h1.5V2a.5.5 0 0 1 .5-.5h2V0H2Zm2 10.5H2a.5.5 0 0 1-.5-.5V8H0v2a2 2 0 0 0 2 2h2v-1.5ZM8 12v-1.5h2a.5.5 0 0 0 .5-.5V8H12v2a2 2 0 0 1-2 2H8Zm2-12a2 2 0 0 1 2 2v2h-1.5V2a.5.5 0 0 0-.5-.5H8V0h2Z\" \/>\n\t\t\t<\/svg>\n\t\t<\/button><\/figure>\n\n\n\n<figure data-wp-context=\"{&quot;imageId&quot;:&quot;6a06281b092d9&quot;}\" data-wp-interactive=\"core\/image\" data-wp-key=\"6a06281b092d9\" class=\"wp-block-image size-large wp-lightbox-container\"><img loading=\"lazy\" decoding=\"async\" width=\"686\" height=\"1024\" data-wp-class--hide=\"state.isContentHidden\" data-wp-class--show=\"state.isContentVisible\" data-wp-init=\"callbacks.setButtonStyles\" data-wp-on--click=\"actions.showLightbox\" data-wp-on--load=\"callbacks.setButtonStyles\" data-wp-on-window--resize=\"callbacks.setButtonStyles\" data-id=\"429\" src=\"https:\/\/www.arthistorian.hu\/editandras\/wp-content\/uploads\/2024\/09\/Edit.Andras.Kulturalis.atoltozes.bemutato5-686x1024.jpg\" alt=\"\" class=\"wp-image-429\" srcset=\"https:\/\/www.arthistorian.hu\/editandras\/wp-content\/uploads\/2024\/09\/Edit.Andras.Kulturalis.atoltozes.bemutato5-686x1024.jpg 686w, https:\/\/www.arthistorian.hu\/editandras\/wp-content\/uploads\/2024\/09\/Edit.Andras.Kulturalis.atoltozes.bemutato5-201x300.jpg 201w, https:\/\/www.arthistorian.hu\/editandras\/wp-content\/uploads\/2024\/09\/Edit.Andras.Kulturalis.atoltozes.bemutato5-768x1147.jpg 768w, https:\/\/www.arthistorian.hu\/editandras\/wp-content\/uploads\/2024\/09\/Edit.Andras.Kulturalis.atoltozes.bemutato5-1029x1536.jpg 1029w, https:\/\/www.arthistorian.hu\/editandras\/wp-content\/uploads\/2024\/09\/Edit.Andras.Kulturalis.atoltozes.bemutato5.jpg 1200w\" sizes=\"auto, (max-width: 686px) 100vw, 686px\" \/><button\n\t\t\tclass=\"lightbox-trigger\"\n\t\t\ttype=\"button\"\n\t\t\taria-haspopup=\"dialog\"\n\t\t\taria-label=\"Enlarge\"\n\t\t\tdata-wp-init=\"callbacks.initTriggerButton\"\n\t\t\tdata-wp-on--click=\"actions.showLightbox\"\n\t\t\tdata-wp-style--right=\"state.imageButtonRight\"\n\t\t\tdata-wp-style--top=\"state.imageButtonTop\"\n\t\t>\n\t\t\t<svg xmlns=\"http:\/\/www.w3.org\/2000\/svg\" width=\"12\" height=\"12\" fill=\"none\" viewBox=\"0 0 12 12\">\n\t\t\t\t<path fill=\"#fff\" d=\"M2 0a2 2 0 0 0-2 2v2h1.5V2a.5.5 0 0 1 .5-.5h2V0H2Zm2 10.5H2a.5.5 0 0 1-.5-.5V8H0v2a2 2 0 0 0 2 2h2v-1.5ZM8 12v-1.5h2a.5.5 0 0 0 .5-.5V8H12v2a2 2 0 0 1-2 2H8Zm2-12a2 2 0 0 1 2 2v2h-1.5V2a.5.5 0 0 0-.5-.5H8V0h2Z\" \/>\n\t\t\t<\/svg>\n\t\t<\/button><\/figure>\n\n\n\n<figure data-wp-context=\"{&quot;imageId&quot;:&quot;6a06281b097de&quot;}\" data-wp-interactive=\"core\/image\" data-wp-key=\"6a06281b097de\" class=\"wp-block-image size-large wp-lightbox-container\"><img loading=\"lazy\" decoding=\"async\" width=\"685\" height=\"1024\" data-wp-class--hide=\"state.isContentHidden\" data-wp-class--show=\"state.isContentVisible\" data-wp-init=\"callbacks.setButtonStyles\" data-wp-on--click=\"actions.showLightbox\" data-wp-on--load=\"callbacks.setButtonStyles\" data-wp-on-window--resize=\"callbacks.setButtonStyles\" data-id=\"426\" src=\"https:\/\/www.arthistorian.hu\/editandras\/wp-content\/uploads\/2024\/09\/Edit.Andras.Kulturalis.atoltozes.bemutato6-685x1024.jpg\" alt=\"\" class=\"wp-image-426\" srcset=\"https:\/\/www.arthistorian.hu\/editandras\/wp-content\/uploads\/2024\/09\/Edit.Andras.Kulturalis.atoltozes.bemutato6-685x1024.jpg 685w, https:\/\/www.arthistorian.hu\/editandras\/wp-content\/uploads\/2024\/09\/Edit.Andras.Kulturalis.atoltozes.bemutato6-201x300.jpg 201w, https:\/\/www.arthistorian.hu\/editandras\/wp-content\/uploads\/2024\/09\/Edit.Andras.Kulturalis.atoltozes.bemutato6-768x1148.jpg 768w, https:\/\/www.arthistorian.hu\/editandras\/wp-content\/uploads\/2024\/09\/Edit.Andras.Kulturalis.atoltozes.bemutato6-1027x1536.jpg 1027w, https:\/\/www.arthistorian.hu\/editandras\/wp-content\/uploads\/2024\/09\/Edit.Andras.Kulturalis.atoltozes.bemutato6.jpg 1200w\" sizes=\"auto, (max-width: 685px) 100vw, 685px\" \/><button\n\t\t\tclass=\"lightbox-trigger\"\n\t\t\ttype=\"button\"\n\t\t\taria-haspopup=\"dialog\"\n\t\t\taria-label=\"Enlarge\"\n\t\t\tdata-wp-init=\"callbacks.initTriggerButton\"\n\t\t\tdata-wp-on--click=\"actions.showLightbox\"\n\t\t\tdata-wp-style--right=\"state.imageButtonRight\"\n\t\t\tdata-wp-style--top=\"state.imageButtonTop\"\n\t\t>\n\t\t\t<svg xmlns=\"http:\/\/www.w3.org\/2000\/svg\" width=\"12\" height=\"12\" fill=\"none\" viewBox=\"0 0 12 12\">\n\t\t\t\t<path fill=\"#fff\" d=\"M2 0a2 2 0 0 0-2 2v2h1.5V2a.5.5 0 0 1 .5-.5h2V0H2Zm2 10.5H2a.5.5 0 0 1-.5-.5V8H0v2a2 2 0 0 0 2 2h2v-1.5ZM8 12v-1.5h2a.5.5 0 0 0 .5-.5V8H12v2a2 2 0 0 1-2 2H8Zm2-12a2 2 0 0 1 2 2v2h-1.5V2a.5.5 0 0 0-.5-.5H8V0h2Z\" \/>\n\t\t\t<\/svg>\n\t\t<\/button><\/figure>\n<\/figure>\n\n\n\n<p class=\"has-small-font-size\"><\/p>\n","protected":false},"excerpt":{"rendered":"<p>Cultural cross-dressing. Art on the ruins of Socialism;&nbsp;(Kultur\u00e1lis \u00e1t\u00f6lt\u00f6z\u00e9s. M\u0171v\u00e9szet a szocializmus romjain.) Budapest: Argumentum, 2009 [in Hungarian] Edit Andr\u00e1s is an art historian and art critic, as well as a Senior Research Fellow at the Institute of Art History of the Hungarian Academy of Sciences. She has had the opportunity to contribute to numerous [&hellip;]<\/p>\n","protected":false},"author":1,"featured_media":0,"parent":0,"menu_order":0,"comment_status":"closed","ping_status":"closed","template":"","meta":{"footnotes":""},"class_list":["post-422","page","type-page","status-publish","hentry"],"_links":{"self":[{"href":"https:\/\/www.arthistorian.hu\/editandras\/wp-json\/wp\/v2\/pages\/422","targetHints":{"allow":["GET"]}}],"collection":[{"href":"https:\/\/www.arthistorian.hu\/editandras\/wp-json\/wp\/v2\/pages"}],"about":[{"href":"https:\/\/www.arthistorian.hu\/editandras\/wp-json\/wp\/v2\/types\/page"}],"author":[{"embeddable":true,"href":"https:\/\/www.arthistorian.hu\/editandras\/wp-json\/wp\/v2\/users\/1"}],"replies":[{"embeddable":true,"href":"https:\/\/www.arthistorian.hu\/editandras\/wp-json\/wp\/v2\/comments?post=422"}],"version-history":[{"count":6,"href":"https:\/\/www.arthistorian.hu\/editandras\/wp-json\/wp\/v2\/pages\/422\/revisions"}],"predecessor-version":[{"id":471,"href":"https:\/\/www.arthistorian.hu\/editandras\/wp-json\/wp\/v2\/pages\/422\/revisions\/471"}],"wp:attachment":[{"href":"https:\/\/www.arthistorian.hu\/editandras\/wp-json\/wp\/v2\/media?parent=422"}],"curies":[{"name":"wp","href":"https:\/\/api.w.org\/{rel}","templated":true}]}}