{"id":6,"date":"2022-03-21T19:17:21","date_gmt":"2022-03-21T19:17:21","guid":{"rendered":"https:\/\/www.arthistorian.hu\/editandras\/?page_id=6"},"modified":"2024-09-16T16:09:12","modified_gmt":"2024-09-16T16:09:12","slug":"curriculum-vitae","status":"publish","type":"page","link":"https:\/\/www.arthistorian.hu\/editandras\/curriculum-vitae\/","title":{"rendered":"Curriculum Vitae"},"content":{"rendered":"\n<div class=\"wp-block-group\"><div class=\"wp-block-group__inner-container is-layout-flow wp-block-group-is-layout-flow\">\n<div class=\"wp-block-columns is-layout-flex wp-container-core-columns-is-layout-9d6595d7 wp-block-columns-is-layout-flex\">\n<div class=\"wp-block-column is-layout-flow wp-block-column-is-layout-flow\" style=\"flex-basis:100%\">\n<div class=\"wp-block-columns is-layout-flex wp-container-core-columns-is-layout-9d6595d7 wp-block-columns-is-layout-flex\">\n<div class=\"wp-block-column is-layout-flow wp-block-column-is-layout-flow\" style=\"flex-basis:100%\">\n<p><strong>Education<\/strong><\/p>\n\n\n\n<figure class=\"wp-block-table is-style-regular\"><table style=\"border-style:none;border-width:0px\"><tbody><tr><td class=\"has-text-align-left\" data-align=\"left\">1998<\/td><td class=\"has-text-align-left\" data-align=\"left\">Ph.D. in Art History, E\u00f6tv\u00f6s Lor\u00e1nd University, Budapest&nbsp;<\/td><\/tr><tr><td class=\"has-text-align-left\" data-align=\"left\">1977<br><img loading=\"lazy\" decoding=\"async\" width=\"100\" height=\"25\" class=\"wp-image-368\" style=\"width: 100px;\" src=\"https:\/\/www.arthistorian.hu\/editandras\/wp-content\/uploads\/2024\/09\/200x50.gif\" alt=\"\"><\/td><td class=\"has-text-align-left\" data-align=\"left\">M.A. in Art History and History, E\u00f6tv\u00f6s Lor\u00e1nd University, Budapest\u00a0<br><\/td><\/tr><\/tbody><\/table><\/figure>\n\n\n\n<p><strong>Employments<\/strong><\/p>\n\n\n\n<figure class=\"wp-block-table is-style-stripes\"><table style=\"border-style:none;border-width:0px\"><tbody><tr><td>2017\u2013 <br><img loading=\"lazy\" decoding=\"async\" width=\"200\" height=\"50\" class=\"wp-image-368\" style=\"width: 200px;\" src=\"https:\/\/www.arthistorian.hu\/editandras\/wp-content\/uploads\/2024\/09\/200x50.gif\" alt=\"\"><\/td><td class=\"has-text-align-left\" data-align=\"left\">Senior Member of the HUN-REN, Research Centre for the Humanities, Institute of Art History \/ Budapest<br><a href=\"https:\/\/mi.abtk.hu\/hu\/munkatarsak\/adatlap\/andrase\">https:\/\/mi.abtk.hu\/hu\/munkatarsak\/adatlap\/andrase<\/a><\/td><\/tr><tr><td>2016-2021                  <\/td><td class=\"has-text-align-left\" data-align=\"left\">Visiting professor, CEU, Central European University, History Department<br><a href=\"https:\/\/history.ceu.edu\/people\/edit-andras\">https:\/\/history.ceu.edu\/people\/edit-andras<\/a><\/td><\/tr><tr><td>2002-2017<\/td><td class=\"has-text-align-left\" data-align=\"left\">Senior Research Fellow, Research Institute for Art History of the Hungarian Academy of Sciences, Budapest&nbsp;<\/td><\/tr><tr><td>2004-2007<\/td><td class=\"has-text-align-left\" data-align=\"left\">Curator-in-chief, Art Collection of the Hungarian Academy of Sciences, Budapest<\/td><\/tr><tr><td>1997-2002<\/td><td class=\"has-text-align-left\" data-align=\"left\">New York Correspondent of Hungarian art magazines (<em>M\u0171\u00e9rt\u0151 \/ Hungarian Art Newspaper<\/em>&nbsp;and&nbsp;<em>\u00daj M\u0171v\u00e9szet \/ Art Today<\/em>)&nbsp;<\/td><\/tr><tr><td>1997-1998<\/td><td class=\"has-text-align-left\" data-align=\"left\">Fulbright Scholar, Department of Fine Arts at New York University, New York (Consultant: Robert Rosenblum)&nbsp;<\/td><\/tr><tr><td>1995-1997<\/td><td class=\"has-text-align-left\" data-align=\"left\">Research Fellow, Research Institute for Art History of the Hungarian Academy of Sciences, Budapest&nbsp;<\/td><\/tr><tr><td>1989-1992<\/td><td class=\"has-text-align-left\" data-align=\"left\">New York Correspondent of Hungarian art magazine (<em>\u00daj M\u0171v\u00e9szet \/ Art Today<\/em>)&nbsp;<\/td><\/tr><tr><td>1987-1995<\/td><td class=\"has-text-align-left\" data-align=\"left\">Head of the Archive of the Hungarian Art History, Research Institute for Art History of the Hungarian Academy of Sciences, Budapest&nbsp;<\/td><\/tr><tr><td>1979-1987<\/td><td class=\"has-text-align-left\" data-align=\"left\">Editor, Department of Modern Art, Corvina Publishing House, Budapest&nbsp;<\/td><\/tr><tr><td>1977-1979                                 <\/td><td class=\"has-text-align-left\" data-align=\"left\">Curator, Department of Graphics, Hungarian National Gallery, Budapest&nbsp;<\/td><\/tr><\/tbody><\/table><\/figure>\n<\/div>\n<\/div>\n<\/div>\n<\/div>\n<\/div><\/div>\n\n\n\n<p><strong>RESEARCH FIELDS<\/strong><\/p>\n\n\n\n<p>Modern and contemporary art and theory in the United States and in Central and Eastern Europe; Transition in the Post-Socialist Region; Art theory, Critical Theories, Cultural Studies, Nationalism-Populism, Gender studies, Public art<\/p>\n\n\n\n<p><\/p>\n\n\n\n<p><\/p>\n\n\n\n<p><\/p>\n","protected":false},"excerpt":{"rendered":"<p>Education 1998 Ph.D. in Art History, E\u00f6tv\u00f6s Lor\u00e1nd University, Budapest&nbsp; 1977 M.A. in Art History and History, E\u00f6tv\u00f6s Lor\u00e1nd University, Budapest\u00a0 Employments 2017\u2013 Senior Member of the HUN-REN, Research Centre for the Humanities, Institute of Art History \/ Budapesthttps:\/\/mi.abtk.hu\/hu\/munkatarsak\/adatlap\/andrase 2016-2021 Visiting professor, CEU, Central European University, History Departmenthttps:\/\/history.ceu.edu\/people\/edit-andras 2002-2017 Senior Research Fellow, Research Institute for [&hellip;]<\/p>\n","protected":false},"author":1,"featured_media":0,"parent":0,"menu_order":0,"comment_status":"closed","ping_status":"closed","template":"","meta":{"footnotes":""},"class_list":["post-6","page","type-page","status-publish","hentry"],"_links":{"self":[{"href":"https:\/\/www.arthistorian.hu\/editandras\/wp-json\/wp\/v2\/pages\/6","targetHints":{"allow":["GET"]}}],"collection":[{"href":"https:\/\/www.arthistorian.hu\/editandras\/wp-json\/wp\/v2\/pages"}],"about":[{"href":"https:\/\/www.arthistorian.hu\/editandras\/wp-json\/wp\/v2\/types\/page"}],"author":[{"embeddable":true,"href":"https:\/\/www.arthistorian.hu\/editandras\/wp-json\/wp\/v2\/users\/1"}],"replies":[{"embeddable":true,"href":"https:\/\/www.arthistorian.hu\/editandras\/wp-json\/wp\/v2\/comments?post=6"}],"version-history":[{"count":30,"href":"https:\/\/www.arthistorian.hu\/editandras\/wp-json\/wp\/v2\/pages\/6\/revisions"}],"predecessor-version":[{"id":513,"href":"https:\/\/www.arthistorian.hu\/editandras\/wp-json\/wp\/v2\/pages\/6\/revisions\/513"}],"wp:attachment":[{"href":"https:\/\/www.arthistorian.hu\/editandras\/wp-json\/wp\/v2\/media?parent=6"}],"curies":[{"name":"wp","href":"https:\/\/api.w.org\/{rel}","templated":true}]}}